{"id":167,"date":"2026-04-15T13:37:18","date_gmt":"2026-04-15T13:37:18","guid":{"rendered":"https:\/\/sendaterramia.com\/?page_id=167"},"modified":"2026-04-24T01:21:31","modified_gmt":"2026-04-24T01:21:31","slug":"activities","status":"publish","type":"page","link":"https:\/\/terramiaestate.com\/es\/activities\/","title":{"rendered":"ACTIVIDADES"},"content":{"rendered":"<div data-elementor-type=\"wp-page\" data-elementor-id=\"167\" class=\"elementor elementor-167\" data-elementor-post-type=\"page\">\n\t\t\t\t<div class=\"elementor-element elementor-element-85d5de7 e-flex e-con-boxed e-con e-parent\" data-id=\"85d5de7\" data-element_type=\"container\" data-e-type=\"container\">\n\t\t\t\t\t<div class=\"e-con-inner\">\n\t\t\t\t\t<\/div>\n\t\t\t\t<\/div>\n\t\t<div class=\"elementor-element elementor-element-a9ce460 e-flex e-con-boxed e-con e-parent\" data-id=\"a9ce460\" data-element_type=\"container\" data-e-type=\"container\" data-settings=\"{&quot;background_background&quot;:&quot;classic&quot;}\">\n\t\t\t\t\t<div class=\"e-con-inner\">\n\t\t<div class=\"elementor-element elementor-element-01ad4d7 e-con-full e-flex elementor-invisible e-con e-child\" data-id=\"01ad4d7\" data-element_type=\"container\" data-e-type=\"container\" data-settings=\"{&quot;animation&quot;:&quot;fadeInLeft&quot;}\">\n\t\t\t\t<div class=\"elementor-element elementor-element-f3c89f5 elementor-widget elementor-widget-heading\" data-id=\"f3c89f5\" data-element_type=\"widget\" data-e-type=\"widget\" data-settings=\"{&quot;_animation&quot;:&quot;none&quot;}\" data-widget_type=\"heading.default\">\n\t\t\t\t\t<h2 class=\"elementor-heading-title elementor-size-default\">ACTIVIDADES<\/h2>\t\t\t\t<\/div>\n\t\t\t\t<\/div>\n\t\t<div class=\"elementor-element elementor-element-c1ba2d5 e-con-full e-flex e-con e-child\" data-id=\"c1ba2d5\" data-element_type=\"container\" data-e-type=\"container\">\n\t\t\t\t<div class=\"elementor-element elementor-element-a4e8994 elementor-widget__width-initial elementor-invisible elementor-widget elementor-widget-text-editor\" data-id=\"a4e8994\" data-element_type=\"widget\" data-e-type=\"widget\" data-settings=\"{&quot;_animation&quot;:&quot;fadeInRight&quot;}\" data-widget_type=\"text-editor.default\">\n\t\t\t\t\t\t\t\t\tHay muchas maneras de disfrutar de su estancia en Terramia Estate. Algunos prefieren explorar los alrededores, \u00a1hay much\u00edsimo que ver! Otros prefieren quedarse en su habitaci\u00f3n, disfrutar de nuestras actividades y simplemente relajarse. Aqu\u00ed les presentamos algunas ideas.\t\t\t\t\t\t\t\t<\/div>\n\t\t\t\t<\/div>\n\t\t\t\t\t<\/div>\n\t\t\t\t<\/div>\n\t\t<div class=\"elementor-element elementor-element-c8388f4 e-flex e-con-boxed e-con e-parent\" data-id=\"c8388f4\" data-element_type=\"container\" data-e-type=\"container\">\n\t\t\t\t\t<div class=\"e-con-inner\">\n\t\t<div class=\"elementor-element elementor-element-4c02cb3 e-con-full e-flex e-con e-child\" data-id=\"4c02cb3\" data-element_type=\"container\" data-e-type=\"container\">\n\t\t\t\t<div class=\"elementor-element elementor-element-bf18d05 elementor-widget elementor-widget-heading\" data-id=\"bf18d05\" data-element_type=\"widget\" data-e-type=\"widget\" data-widget_type=\"heading.default\">\n\t\t\t\t\t<h2 class=\"elementor-heading-title elementor-size-default\">Ideas internas<\/h2>\t\t\t\t<\/div>\n\t\t\t\t<\/div>\n\t\t\t\t\t<\/div>\n\t\t\t\t<\/div>\n\t\t<div class=\"elementor-element elementor-element-452470b e-flex e-con-boxed e-con e-parent\" data-id=\"452470b\" data-element_type=\"container\" data-e-type=\"container\" data-settings=\"{&quot;background_background&quot;:&quot;classic&quot;}\">\n\t\t\t\t\t<div class=\"e-con-inner\">\n\t\t<div class=\"elementor-element elementor-element-5597f53 e-con-full e-flex e-con e-child\" data-id=\"5597f53\" data-element_type=\"container\" data-e-type=\"container\">\n\t\t<div class=\"elementor-element elementor-element-ed47526 e-con-full e-flex e-con e-child\" data-id=\"ed47526\" data-element_type=\"container\" data-e-type=\"container\">\n\t\t<div class=\"elementor-element elementor-element-bbc1773 e-con-full e-flex e-con e-child\" data-id=\"bbc1773\" data-element_type=\"container\" data-e-type=\"container\" data-settings=\"{&quot;background_background&quot;:&quot;classic&quot;}\">\n\t\t\t\t<div class=\"elementor-element elementor-element-3c3170e elementor-widget elementor-widget-heading\" data-id=\"3c3170e\" data-element_type=\"widget\" data-e-type=\"widget\" data-widget_type=\"heading.default\">\n\t\t\t\t\t<h2 class=\"elementor-heading-title elementor-size-default\">Coffee Tour<\/h2>\t\t\t\t<\/div>\n\t\t\t\t<\/div>\n\t\t<div class=\"elementor-element elementor-element-073c1ae e-con-full e-flex e-con e-child\" data-id=\"073c1ae\" data-element_type=\"container\" data-e-type=\"container\" data-settings=\"{&quot;background_background&quot;:&quot;classic&quot;}\">\n\t\t\t\t<div class=\"elementor-element elementor-element-634990b elementor-widget elementor-widget-text-editor\" data-id=\"634990b\" data-element_type=\"widget\" data-e-type=\"widget\" data-widget_type=\"text-editor.default\">\n\t\t\t\t\t\t\t\t\tOfrecemos una experiencia cafetera: recorra nuestras plantaciones de caf\u00e9, las mismas que producen uno de los mejores caf\u00e9s del mundo, aprenda c\u00f3mo se procesa y c\u00f3mo lo llevamos del campo a la taza.\t\t\t\t\t\t\t\t<\/div>\n\t\t\t\t<\/div>\n\t\t\t\t<\/div>\n\t\t\t\t<\/div>\n\t\t<div class=\"elementor-element elementor-element-292e14e e-con-full e-flex e-con e-child\" data-id=\"292e14e\" data-element_type=\"container\" data-e-type=\"container\">\n\t\t<div class=\"elementor-element elementor-element-3ee0cac e-con-full e-flex e-con e-child\" data-id=\"3ee0cac\" data-element_type=\"container\" data-e-type=\"container\" data-settings=\"{&quot;background_background&quot;:&quot;classic&quot;}\">\n\t\t\t\t<div class=\"elementor-element elementor-element-dd7e05b elementor-widget elementor-widget-text-editor\" data-id=\"dd7e05b\" data-element_type=\"widget\" data-e-type=\"widget\" data-widget_type=\"text-editor.default\">\n\t\t\t\t\t\t\t\t\tLa cultura del caf\u00e9 est\u00e1 llena de historias y experiencias que convierten cada taza en un viaje \u00fanico alrededor del mundo hasta llegar a Colombia.\nEsta deliciosa bebida tiene su origen en \u00c1frica, concretamente en Etiop\u00eda, en la variedad ar\u00e1bica, que es la que producimos en Colombia. Su principal caracter\u00edstica es su suavidad, gracias a nuestra biodiversidad y altitud. La gama de perfiles de taza incluye exquisitos sabores florales y frutales, dulces y \u00e1cidos que hacen de nuestro pa\u00eds un territorio cafetalero reconocido por excelencia.\nPodemos encontrar diferentes preparaciones, cada una con el poder de realzar el aroma, la dulzura o la acidez que caracterizan nuestro caf\u00e9.\n<br>\nDescubre la historia de nuestra bebida insignia, que lleva el legado de tradici\u00f3n, cultura, sabor y aromas que han hecho de nuestro caf\u00e9 uno de los mejores del mundo.\t\t\t\t\t\t\t\t<\/div>\n\t\t\t\t<\/div>\n\t\t\t\t<\/div>\n\t\t\t\t\t<\/div>\n\t\t\t\t<\/div>\n\t\t<div class=\"elementor-element elementor-element-8e59d43 e-flex e-con-boxed e-con e-parent\" data-id=\"8e59d43\" data-element_type=\"container\" data-e-type=\"container\" data-settings=\"{&quot;background_background&quot;:&quot;classic&quot;}\">\n\t\t\t\t\t<div class=\"e-con-inner\">\n\t\t<div class=\"elementor-element elementor-element-478b462 e-con-full e-flex e-con e-child\" data-id=\"478b462\" data-element_type=\"container\" data-e-type=\"container\">\n\t\t<div class=\"elementor-element elementor-element-27e2ac8 e-con-full e-flex e-con e-child\" data-id=\"27e2ac8\" data-element_type=\"container\" data-e-type=\"container\">\n\t\t<div class=\"elementor-element elementor-element-dacfaab e-con-full e-flex e-con e-child\" data-id=\"dacfaab\" data-element_type=\"container\" data-e-type=\"container\" data-settings=\"{&quot;background_background&quot;:&quot;classic&quot;}\">\n\t\t\t\t<div class=\"elementor-element elementor-element-08f8752 elementor-widget elementor-widget-heading\" data-id=\"08f8752\" data-element_type=\"widget\" data-e-type=\"widget\" data-widget_type=\"heading.default\">\n\t\t\t\t\t<h2 class=\"elementor-heading-title elementor-size-default\">Observaci\u00f3n de aves<\/h2>\t\t\t\t<\/div>\n\t\t\t\t<\/div>\n\t\t<div class=\"elementor-element elementor-element-d941292 e-con-full e-flex e-con e-child\" data-id=\"d941292\" data-element_type=\"container\" data-e-type=\"container\" data-settings=\"{&quot;background_background&quot;:&quot;classic&quot;}\">\n\t\t\t\t<div class=\"elementor-element elementor-element-b3228ed elementor-widget elementor-widget-text-editor\" data-id=\"b3228ed\" data-element_type=\"widget\" data-e-type=\"widget\" data-widget_type=\"text-editor.default\">\n\t\t\t\t\t\t\t\t\t<p>Despi\u00e9rtate temprano para disfrutar de una experiencia inolvidable observando las aves que nos acompa\u00f1an. A\u00f1\u00e1delo despu\u00e9s de reservar tu estancia.<\/p>\t\t\t\t\t\t\t\t<\/div>\n\t\t\t\t<\/div>\n\t\t\t\t<\/div>\n\t\t\t\t<\/div>\n\t\t<div class=\"elementor-element elementor-element-5060641 e-con-full e-flex e-con e-child\" data-id=\"5060641\" data-element_type=\"container\" data-e-type=\"container\">\n\t\t<div class=\"elementor-element elementor-element-ff6c5ac e-con-full e-flex e-con e-child\" data-id=\"ff6c5ac\" data-element_type=\"container\" data-e-type=\"container\">\n\t\t<div class=\"elementor-element elementor-element-3b577e3 e-con-full e-flex e-con e-child\" data-id=\"3b577e3\" data-element_type=\"container\" data-e-type=\"container\" data-settings=\"{&quot;background_background&quot;:&quot;classic&quot;}\">\n\t\t\t\t<div class=\"elementor-element elementor-element-9ba4e21 elementor-widget elementor-widget-text-editor\" data-id=\"9ba4e21\" data-element_type=\"widget\" data-e-type=\"widget\" data-widget_type=\"text-editor.default\">\n\t\t\t\t\t\t\t\t\t<p>Un para\u00edso para los amantes de la observaci\u00f3n de aves, la Sierra Nevada de Santa Marta (SNSM) es considerada el centro de endemismo continental m\u00e1s importante del mundo.<br \/><br \/><br \/>Su avifauna es, sin duda, uno de sus mayores atractivos, ya que alberga m\u00e1s de 600 especies, equivalentes al 35% de todas las aves registradas en Colombia, cerca del 7% de las aves del mundo, de las cuales unas 28 especies y 42 subespecies end\u00e9micas \u00fanicas de la Sierra Nevada de Santa Marta.<\/p>\t\t\t\t\t\t\t\t<\/div>\n\t\t\t\t<\/div>\n\t\t\t\t<\/div>\n\t\t\t\t<\/div>\n\t\t\t\t\t<\/div>\n\t\t\t\t<\/div>\n\t\t<div class=\"elementor-element elementor-element-d786a0d e-flex e-con-boxed e-con e-parent\" data-id=\"d786a0d\" data-element_type=\"container\" data-e-type=\"container\">\n\t\t\t\t\t<div class=\"e-con-inner\">\n\t\t<div class=\"elementor-element elementor-element-6ac92c0 e-con-full e-flex e-con e-child\" data-id=\"6ac92c0\" data-element_type=\"container\" data-e-type=\"container\">\n\t\t\t\t<div class=\"elementor-element elementor-element-c049922 elementor-widget elementor-widget-heading\" data-id=\"c049922\" data-element_type=\"widget\" data-e-type=\"widget\" data-widget_type=\"heading.default\">\n\t\t\t\t\t<h2 class=\"elementor-heading-title elementor-size-default\">Ideas para excursiones de un d\u00eda m\u00e1s largas\n<\/h2>\t\t\t\t<\/div>\n\t\t\t\t<\/div>\n\t\t\t\t\t<\/div>\n\t\t\t\t<\/div>\n\t\t<div class=\"elementor-element elementor-element-0072c6c e-flex e-con-boxed e-con e-parent\" data-id=\"0072c6c\" data-element_type=\"container\" data-e-type=\"container\" data-settings=\"{&quot;background_background&quot;:&quot;classic&quot;}\">\n\t\t\t\t\t<div class=\"e-con-inner\">\n\t\t<div class=\"elementor-element elementor-element-3a403ee e-con-full e-flex e-con e-child\" data-id=\"3a403ee\" data-element_type=\"container\" data-e-type=\"container\">\n\t\t<div class=\"elementor-element elementor-element-f974327 e-con-full e-flex e-con e-child\" data-id=\"f974327\" data-element_type=\"container\" data-e-type=\"container\">\n\t\t<div class=\"elementor-element elementor-element-9c580bb e-con-full e-flex e-con e-child\" data-id=\"9c580bb\" data-element_type=\"container\" data-e-type=\"container\" data-settings=\"{&quot;background_background&quot;:&quot;classic&quot;}\">\n\t\t\t\t<div class=\"elementor-element elementor-element-ce9663d elementor-widget elementor-widget-heading\" data-id=\"ce9663d\" data-element_type=\"widget\" data-e-type=\"widget\" data-widget_type=\"heading.default\">\n\t\t\t\t\t<h2 class=\"elementor-heading-title elementor-size-default\">Visit to the waterfalls\n<\/h2>\t\t\t\t<\/div>\n\t\t\t\t<\/div>\n\t\t<div class=\"elementor-element elementor-element-d5c238c e-con-full e-flex e-con e-child\" data-id=\"d5c238c\" data-element_type=\"container\" data-e-type=\"container\" data-settings=\"{&quot;background_background&quot;:&quot;classic&quot;}\">\n\t\t\t\t<div class=\"elementor-element elementor-element-592b08a elementor-widget elementor-widget-text-editor\" data-id=\"592b08a\" data-element_type=\"widget\" data-e-type=\"widget\" data-widget_type=\"text-editor.default\">\n\t\t\t\t\t\t\t\t\tUbicada a 20 minutos en coche de Terramia Estate, esta cascada destaca por su car\u00e1cter semiprivado. El camino de acceso atraviesa un denso bosque tropical h\u00famedo. El agua fluye constantemente durante todo el a\u00f1o y forma un lago ideal para nadar, con un divertido tobog\u00e1n natural de piedra. No te pierdas esta experiencia; a\u00f1\u00e1dela despu\u00e9s de reservar tu estancia.\n\n\t\t\t\t\t\t\t\t<\/div>\n\t\t\t\t<\/div>\n\t\t\t\t<\/div>\n\t\t\t\t<\/div>\n\t\t<div class=\"elementor-element elementor-element-577b81d e-con-full e-flex e-con e-child\" data-id=\"577b81d\" data-element_type=\"container\" data-e-type=\"container\">\n\t\t<div class=\"elementor-element elementor-element-c8787fc e-con-full e-flex e-con e-child\" data-id=\"c8787fc\" data-element_type=\"container\" data-e-type=\"container\">\n\t\t<div class=\"elementor-element elementor-element-f1083f0 e-con-full e-flex e-con e-child\" data-id=\"f1083f0\" data-element_type=\"container\" data-e-type=\"container\" data-settings=\"{&quot;background_background&quot;:&quot;classic&quot;}\">\n\t\t\t\t<div class=\"elementor-element elementor-element-69605d7 elementor-widget elementor-widget-text-editor\" data-id=\"69605d7\" data-element_type=\"widget\" data-e-type=\"widget\" data-widget_type=\"text-editor.default\">\n\t\t\t\t\t\t\t\t\t\u00a1Hay muchos lugares que merecen un d\u00eda m\u00e1s!\n<br>\n<br>\nSum\u00e9rgete en un bosque aut\u00f3ctono, contempla el juego de luces entre las hojas, escucha el relajante murmullo del agua, siente la fresca corriente del r\u00edo y experimenta una intensa sensaci\u00f3n de calma y tranquilidad. Esta es la oportunidad perfecta para escapar a un lugar m\u00e1gico de total desconexi\u00f3n.\t\t\t\t\t\t\t\t<\/div>\n\t\t\t\t<\/div>\n\t\t\t\t<\/div>\n\t\t\t\t<\/div>\n\t\t\t\t\t<\/div>\n\t\t\t\t<\/div>\n\t\t<div class=\"elementor-element elementor-element-1659669 e-flex e-con-boxed e-con e-parent\" data-id=\"1659669\" data-element_type=\"container\" data-e-type=\"container\" data-settings=\"{&quot;background_background&quot;:&quot;classic&quot;}\">\n\t\t\t\t\t<div class=\"e-con-inner\">\n\t\t<div class=\"elementor-element elementor-element-e827e44 e-con-full e-flex e-con e-child\" data-id=\"e827e44\" data-element_type=\"container\" data-e-type=\"container\">\n\t\t\t\t<div class=\"elementor-element elementor-element-5896bb1 elementor-widget elementor-widget-heading\" data-id=\"5896bb1\" data-element_type=\"widget\" data-e-type=\"widget\" data-widget_type=\"heading.default\">\n\t\t\t\t\t<h3 class=\"elementor-heading-title elementor-size-default\">\u00a1Explora nuestros Nidos y encuentra el que mejor se adapte a ti!\n<\/h3>\t\t\t\t<\/div>\n\t\t\t\t<div class=\"elementor-element elementor-element-6fffd3f elementor-invisible elementor-widget elementor-widget-button\" data-id=\"6fffd3f\" data-element_type=\"widget\" data-e-type=\"widget\" data-settings=\"{&quot;_animation&quot;:&quot;fadeInUp&quot;}\" data-widget_type=\"button.default\">\n\t\t\t\t\t\t\t\t\t\t<a class=\"elementor-button elementor-button-link elementor-size-sm\" href=\"\/es\/#seccion-escondites\">\n\t\t\t\t\t\t<span class=\"elementor-button-content-wrapper\">\n\t\t\t\t\t\t<span class=\"elementor-button-icon\">\n\t\t\t\t<svg aria-hidden=\"true\" class=\"e-font-icon-svg e-fas-chevron-right\" viewbox=\"0 0 320 512\" xmlns=\"http:\/\/www.w3.org\/2000\/svg\"><path d=\"M285.476 272.971L91.132 467.314c-9.373 9.373-24.569 9.373-33.941 0l-22.667-22.667c-9.357-9.357-9.375-24.522-.04-33.901L188.505 256 34.484 101.255c-9.335-9.379-9.317-24.544.04-33.901l22.667-22.667c9.373-9.373 24.569-9.373 33.941 0L285.475 239.03c9.373 9.372 9.373 24.568.001 33.941z\"><\/path><\/svg>\t\t\t<\/span>\n\t\t\t\t\t\t\t\t\t<span class=\"elementor-button-text\">NUESTROS NIDOS<\/span>\n\t\t\t\t\t<\/span>\n\t\t\t\t\t<\/a>\n\t\t\t\t\t\t\t\t<\/div>\n\t\t\t\t<\/div>\n\t\t<div class=\"elementor-element elementor-element-74c6bac e-con-full e-flex e-con e-child\" data-id=\"74c6bac\" data-element_type=\"container\" data-e-type=\"container\">\n\t\t\t\t<div class=\"elementor-element elementor-element-7f777cf elementor-widget elementor-widget-heading\" data-id=\"7f777cf\" data-element_type=\"widget\" data-e-type=\"widget\" data-widget_type=\"heading.default\">\n\t\t\t\t\t<h3 class=\"elementor-heading-title elementor-size-default\">Todo lo que necesitas saber para tu estancia con nosotros.\n<\/h3>\t\t\t\t<\/div>\n\t\t\t\t<div class=\"elementor-element elementor-element-bfefe89 elementor-invisible elementor-widget elementor-widget-button\" data-id=\"bfefe89\" data-element_type=\"widget\" data-e-type=\"widget\" data-settings=\"{&quot;_animation&quot;:&quot;fadeInUp&quot;}\" data-widget_type=\"button.default\">\n\t\t\t\t\t\t\t\t\t\t<a class=\"elementor-button elementor-button-link elementor-size-sm\" href=\"\/es\/before-you-arrive\/\">\n\t\t\t\t\t\t<span class=\"elementor-button-content-wrapper\">\n\t\t\t\t\t\t<span class=\"elementor-button-icon\">\n\t\t\t\t<svg aria-hidden=\"true\" class=\"e-font-icon-svg e-fas-chevron-right\" viewbox=\"0 0 320 512\" xmlns=\"http:\/\/www.w3.org\/2000\/svg\"><path d=\"M285.476 272.971L91.132 467.314c-9.373 9.373-24.569 9.373-33.941 0l-22.667-22.667c-9.357-9.357-9.375-24.522-.04-33.901L188.505 256 34.484 101.255c-9.335-9.379-9.317-24.544.04-33.901l22.667-22.667c9.373-9.373 24.569-9.373 33.941 0L285.475 239.03c9.373 9.372 9.373 24.568.001 33.941z\"><\/path><\/svg>\t\t\t<\/span>\n\t\t\t\t\t\t\t\t\t<span class=\"elementor-button-text\">ANTES DE LLEGAR<\/span>\n\t\t\t\t\t<\/span>\n\t\t\t\t\t<\/a>\n\t\t\t\t\t\t\t\t<\/div>\n\t\t\t\t<\/div>\n\t\t\t\t\t<\/div>\n\t\t\t\t<\/div>\n\t\t\t\t<\/div>","protected":false},"excerpt":{"rendered":"<p>Activities There are many ways to spend your stay at Terramia Estate. Some prefer to venture into the area, there is so much to see! Others prefer to stay in their nest, enjoy some of our internal activities, and just relax. here some ideas. Inside ideas Coffee Tour We provide a coffee experience, tour our [&hellip;]<\/p>\n","protected":false},"author":1,"featured_media":0,"parent":0,"menu_order":0,"comment_status":"closed","ping_status":"closed","template":"elementor_header_footer","meta":{"_angie_page":false,"footnotes":""},"class_list":["post-167","page","type-page","status-publish","hentry"],"_links":{"self":[{"href":"https:\/\/terramiaestate.com\/es\/wp-json\/wp\/v2\/pages\/167","targetHints":{"allow":["GET"]}}],"collection":[{"href":"https:\/\/terramiaestate.com\/es\/wp-json\/wp\/v2\/pages"}],"about":[{"href":"https:\/\/terramiaestate.com\/es\/wp-json\/wp\/v2\/types\/page"}],"author":[{"embeddable":true,"href":"https:\/\/terramiaestate.com\/es\/wp-json\/wp\/v2\/users\/1"}],"replies":[{"embeddable":true,"href":"https:\/\/terramiaestate.com\/es\/wp-json\/wp\/v2\/comments?post=167"}],"version-history":[{"count":40,"href":"https:\/\/terramiaestate.com\/es\/wp-json\/wp\/v2\/pages\/167\/revisions"}],"predecessor-version":[{"id":724,"href":"https:\/\/terramiaestate.com\/es\/wp-json\/wp\/v2\/pages\/167\/revisions\/724"}],"wp:attachment":[{"href":"https:\/\/terramiaestate.com\/es\/wp-json\/wp\/v2\/media?parent=167"}],"curies":[{"name":"wp","href":"https:\/\/api.w.org\/{rel}","templated":true}]}}